{"id":13,"date":"2023-07-25T13:30:42","date_gmt":"2023-07-25T11:30:42","guid":{"rendered":"https:\/\/erasmuscordoba.de\/?page_id=13"},"modified":"2023-09-26T13:33:36","modified_gmt":"2023-09-26T11:33:36","slug":"kontakt-erasmus-cordoba","status":"publish","type":"page","link":"https:\/\/erasmuscordoba.de\/es\/kontakt-erasmus-cordoba\/","title":{"rendered":"Kontakt"},"content":{"rendered":"[vc_row type=\u00bbin_container\u00bb full_screen_row_position=\u00bbmiddle\u00bb column_margin=\u00bbnone\u00bb equal_height=\u00bbyes\u00bb content_placement=\u00bbtop\u00bb column_direction=\u00bbdefault\u00bb column_direction_tablet=\u00bbdefault\u00bb column_direction_phone=\u00bbdefault\u00bb scene_position=\u00bbcenter\u00bb top_padding=\u00bb4%\u00bb constrain_group_1=\u00bbyes\u00bb bottom_padding=\u00bb4%\u00bb text_color=\u00bbcustom\u00bb custom_text_color=\u00bb#000000&#8243; text_align=\u00bbleft\u00bb row_border_radius=\u00bbnone\u00bb row_border_radius_applies=\u00bbbg\u00bb overflow=\u00bbvisible\u00bb advanced_gradient_angle=\u00bb0&#8243; overlay_strength=\u00bb0.3&#8243; gradient_direction=\u00bbleft_to_right\u00bb shape_divider_position=\u00bbbottom\u00bb bg_image_animation=\u00bbnone\u00bb gradient_type=\u00bbdefault\u00bb shape_type=\u00bb\u00bb][vc_column column_padding=\u00bbpadding-4-percent\u00bb column_padding_tablet=\u00bbinherit\u00bb column_padding_phone=\u00bbinherit\u00bb column_padding_position=\u00bball\u00bb bottom_margin_phone=\u00bb4%\u00bb column_element_direction_desktop=\u00bbdefault\u00bb column_element_spacing=\u00bbdefault\u00bb desktop_text_alignment=\u00bbdefault\u00bb tablet_text_alignment=\u00bbdefault\u00bb phone_text_alignment=\u00bbdefault\u00bb background_color=\u00bb#3399cc\u00bb background_color_opacity=\u00bb1&#8243; background_hover_color_opacity=\u00bb1&#8243; column_backdrop_filter=\u00bbnone\u00bb font_color=\u00bb#ffffff\u00bb column_shadow=\u00bbnone\u00bb column_border_radius=\u00bb15px\u00bb column_link_target=\u00bb_self\u00bb column_position=\u00bbdefault\u00bb advanced_gradient_angle=\u00bb0&#8243; gradient_direction=\u00bbleft_to_right\u00bb overlay_strength=\u00bb0.3&#8243; width=\u00bb1\/2&#8243; tablet_width_inherit=\u00bbdefault\u00bb animation_type=\u00bbdefault\u00bb bg_image_animation=\u00bbnone\u00bb border_type=\u00bbsimple\u00bb column_border_width=\u00bbnone\u00bb column_border_style=\u00bbsolid\u00bb gradient_type=\u00bbdefault\u00bb offset=\u00bbvc_col-lg-6 vc_col-md-6 vc_col-xs-12&#8243; column_padding_type=\u00bbdefault\u00bb]<div class=\"iwithtext\"><div class=\"iwt-icon\"> <i class=\"icon-default-style steadysets-icon-map-marker extra-color-2\"><\/i> <\/div><div class=\"iwt-text\"> \n<h3>Calle V\u00e1zquez Aroca, n\u00ba 14, bajo<br \/>\n14005 C\u00d3RDOBA<\/h3>\n <\/div><div class=\"clear\"><\/div><\/div><div class=\"iwithtext\"><div class=\"iwt-icon\"> <i class=\"icon-default-style steadysets-icon-phone extra-color-2\"><\/i> <\/div><div class=\"iwt-text\"> \n<h3><a class=\"blanco\" href=\"tel:+34633761182\">(+34) 633 76 11 82<\/a><\/h3>\n <\/div><div class=\"clear\"><\/div><\/div><div class=\"iwithtext\"><div class=\"iwt-icon\"> <i class=\"icon-default-style steadysets-icon-email2 extra-color-2\"><\/i> <\/div><div class=\"iwt-text\"> \n<h3><a class=\"blanco\" href=\"mailto:info@interasmundo.com\">info@interasmundo.com<\/a><\/h3>\n <\/div><div class=\"clear\"><\/div><\/div>[vc_row_inner column_margin=\u00bbdefault\u00bb column_direction=\u00bbdefault\u00bb column_direction_tablet=\u00bbdefault\u00bb column_direction_phone=\u00bbdefault\u00bb top_padding=\u00bb2%\u00bb constrain_group_1=\u00bbyes\u00bb bottom_padding=\u00bb2%\u00bb text_align=\u00bbleft\u00bb row_position=\u00bbdefault\u00bb row_position_tablet=\u00bbinherit\u00bb row_position_phone=\u00bbinherit\u00bb overflow=\u00bbvisible\u00bb pointer_events=\u00bball\u00bb][vc_column_inner column_padding=\u00bbno-extra-padding\u00bb column_padding_tablet=\u00bbinherit\u00bb column_padding_phone=\u00bbinherit\u00bb column_padding_position=\u00bball\u00bb column_element_direction_desktop=\u00bbdefault\u00bb column_element_spacing=\u00bbdefault\u00bb desktop_text_alignment=\u00bbdefault\u00bb tablet_text_alignment=\u00bbdefault\u00bb phone_text_alignment=\u00bbdefault\u00bb background_color_opacity=\u00bb1&#8243; background_hover_color_opacity=\u00bb1&#8243; column_backdrop_filter=\u00bbnone\u00bb column_shadow=\u00bbnone\u00bb column_border_radius=\u00bbnone\u00bb column_link_target=\u00bb_self\u00bb overflow=\u00bbvisible\u00bb gradient_direction=\u00bbleft_to_right\u00bb overlay_strength=\u00bb0.3&#8243; width=\u00bb1\/1&#8243; tablet_width_inherit=\u00bbdefault\u00bb animation_type=\u00bbdefault\u00bb bg_image_animation=\u00bbnone\u00bb border_type=\u00bbsimple\u00bb column_border_width=\u00bbnone\u00bb column_border_style=\u00bbsolid\u00bb][divider line_type=\u00bbSmall Line\u00bb line_alignment=\u00bbdefault\u00bb line_thickness=\u00bb1&#8243; divider_color=\u00bbextra-color-2&#8243;][\/vc_column_inner][\/vc_row_inner][vc_raw_html]JTNDZGl2JTIwY2xhc3MlM0QlMjJycnNzJTIyJTNFJTBBJTIwJTIwJTNDYSUyMGhyZWYlM0QlMjJodHRwcyUzQSUyRiUyRndhLm1lJTJGJTJCMzQ2MzM3NjExODIlMjIlMjB0YXJnZXQlM0QlMjJfYmxhbmslMjIlMjBjbGFzcyUzRCUyMmJsYW5jbyUyMHJyc3MtaWNvbiUyMiUzRSUwQSUyMCUyMCUyMCUyMCUzQ2klMjBjbGFzcyUzRCUyMmZhJTIwZmEtd2hhdHNhcHAlMjIlM0UlM0MlMkZpJTNFJTNDJTJGYSUzRSUwQSUyMCUyMCUzQ2ElMjBocmVmJTNEJTIyaHR0cHMlM0ElMkYlMkZ3d3cuZmFjZWJvb2suY29tJTJGaW50ZXJhc211bmRvYmVlcmFzbXVzY29yZG9iYSUyMiUyMHRhcmdldCUzRCUyMl9ibGFuayUyMiUyMGNsYXNzJTNEJTIyYmxhbmNvJTIwcnJzcy1pY29uJTIyJTNFJTBBJTIwJTIwJTIwJTIwJTNDaSUyMGNsYXNzJTNEJTIyZmElMjBmYS1mYWNlYm9vayUyMiUzRSUzQyUyRmklM0UlM0MlMkZhJTNFJTBBJTIwJTIwJTNDYSUyMGhyZWYlM0QlMjJodHRwcyUzQSUyRiUyRnd3dy55b3V0dWJlLmNvbSUyRmNoYW5uZWwlMkZVQzBWZ0RObW5sOGR5aEFzdHlUbm5CWWclMjIlMjB0YXJnZXQlM0QlMjJfYmxhbmslMjIlMjBjbGFzcyUzRCUyMmJsYW5jbyUyMHJyc3MtaWNvbiUyMiUzRSUwQSUyMCUyMCUyMCUyMCUzQ2klMjBjbGFzcyUzRCUyMmZhJTIwZmEteW91dHViZS1wbGF5JTIyJTNFJTNDJTJGaSUzRSUzQyUyRmElM0UlMEElMjAlMjAlM0NhJTIwaHJlZiUzRCUyMmh0dHBzJTNBJTJGJTJGd3d3Lmluc3RhZ3JhbS5jb20lMkZpbnRlcmFzbXVuZG8lMkYlMjIlMjB0YXJnZXQlM0QlMjJfYmxhbmslMjIlMjBjbGFzcyUzRCUyMmJsYW5jbyUyMHJyc3MtaWNvbiUyMiUzRSUwQSUyMCUyMCUyMCUyMCUzQ2klMjBjbGFzcyUzRCUyMmZhJTIwZmEtaW5zdGFncmFtJTIyJTNFJTNDJTJGaSUzRSUzQyUyRmElM0UlMEElM0MlMkZkaXYlM0U=[\/vc_raw_html][\/vc_column][vc_column column_padding=\u00bbpadding-4-percent\u00bb column_padding_tablet=\u00bbinherit\u00bb column_padding_phone=\u00bbinherit\u00bb column_padding_position=\u00bball\u00bb column_element_direction_desktop=\u00bbdefault\u00bb column_element_spacing=\u00bbdefault\u00bb desktop_text_alignment=\u00bbdefault\u00bb tablet_text_alignment=\u00bbdefault\u00bb phone_text_alignment=\u00bbdefault\u00bb background_color=\u00bb#d3d3d3&#8243; background_color_opacity=\u00bb0.3&#8243; background_hover_color_opacity=\u00bb1&#8243; column_backdrop_filter=\u00bbnone\u00bb font_color=\u00bb#000000&#8243; column_shadow=\u00bbsmall_depth\u00bb column_border_radius=\u00bb15px\u00bb column_link_target=\u00bb_self\u00bb column_position=\u00bbdefault\u00bb advanced_gradient_angle=\u00bb0&#8243; gradient_direction=\u00bbleft_to_right\u00bb overlay_strength=\u00bb0.3&#8243; width=\u00bb1\/2&#8243; tablet_width_inherit=\u00bbdefault\u00bb animation_type=\u00bbdefault\u00bb bg_image_animation=\u00bbnone\u00bb border_type=\u00bbsimple\u00bb column_border_width=\u00bb3px\u00bb column_border_color=\u00bb#3399cc\u00bb column_border_style=\u00bbsolid\u00bb gradient_type=\u00bbdefault\u00bb offset=\u00bbvc_col-lg-6 vc_col-md-6 vc_col-xs-12&#8243; column_padding_type=\u00bbdefault\u00bb]\n<div class=\"wpcf7 no-js\" id=\"wpcf7-f4-o1\" lang=\"es-ES\" dir=\"ltr\">\n<div class=\"screen-reader-response\"><p role=\"status\" aria-live=\"polite\" aria-atomic=\"true\"><\/p> <ul><\/ul><\/div>\n<form action=\"\/es\/wp-json\/wp\/v2\/pages\/13#wpcf7-f4-o1\" method=\"post\" class=\"wpcf7-form init\" aria-label=\"Formulario de contacto\" novalidate=\"novalidate\" data-status=\"init\">\n<div style=\"display: none;\">\n<input type=\"hidden\" name=\"_wpcf7\" value=\"4\" \/>\n<input type=\"hidden\" name=\"_wpcf7_version\" value=\"5.9.8\" \/>\n<input type=\"hidden\" name=\"_wpcf7_locale\" value=\"es_ES\" \/>\n<input type=\"hidden\" name=\"_wpcf7_unit_tag\" value=\"wpcf7-f4-o1\" \/>\n<input type=\"hidden\" name=\"_wpcf7_container_post\" value=\"0\" \/>\n<input type=\"hidden\" name=\"_wpcf7_posted_data_hash\" value=\"\" \/>\n<\/div>\n<p><label> Zimmer-Typ:<br \/>\n<span class=\"wpcf7-form-control-wrap\" data-name=\"Zimmer-Typ\"><select class=\"wpcf7-form-control wpcf7-select wpcf7-validates-as-required\" aria-required=\"true\" aria-invalid=\"false\" name=\"Zimmer-Typ\"><option value=\"\">Einzelzimmer<\/option><option value=\"Einzelzimmer mit eigenem Bad\">Einzelzimmer mit eigenem Bad<\/option><option value=\"Doppelzimmer\">Doppelzimmer<\/option><option value=\"Doppelzimmer mit eigenem Bad\">Doppelzimmer mit eigenem Bad<\/option><option value=\"Zimmer mit zwei Betten\">Zimmer mit zwei Betten<\/option><option value=\"Zweibettzimmer mit eigenem Bad\">Zweibettzimmer mit eigenem Bad<\/option><\/select><\/span> <\/label>\n<\/p>\n<p><label> Universit\u00e4t:<br \/>\n<span class=\"wpcf7-form-control-wrap\" data-name=\"Universitat\"><select class=\"wpcf7-form-control wpcf7-select wpcf7-validates-as-required\" aria-required=\"true\" aria-invalid=\"false\" name=\"Universitat\"><option value=\"\">Fakult\u00e4t f\u00fcr Philosophie und Kunst<\/option><option value=\"Fakult\u00e4t f\u00fcr Rechtswissenschaften und Fakult\u00e4t f\u00fcr Wirtschaftswissenschaften (UCO)\">Fakult\u00e4t f\u00fcr Rechtswissenschaften und Fakult\u00e4t f\u00fcr Wirtschaftswissenschaften (UCO)<\/option><option value=\"Universit\u00e4t Loyola\">Universit\u00e4t Loyola<\/option><option value=\"Fakult\u00e4t f\u00fcr Erziehungswissenschaften und Psychologie\">Fakult\u00e4t f\u00fcr Erziehungswissenschaften und Psychologie<\/option><option value=\"Fakult\u00e4t f\u00fcr Medizin und Krankenpflege\">Fakult\u00e4t f\u00fcr Medizin und Krankenpflege<\/option><option value=\"Fakult\u00e4t f\u00fcr Veterin\u00e4rmedizin\">Fakult\u00e4t f\u00fcr Veterin\u00e4rmedizin<\/option><option value=\"H\u00f6here Technische Lehranstalt f\u00fcr Land- und Forstwirtschaft (ETSIAM)\">H\u00f6here Technische Lehranstalt f\u00fcr Land- und Forstwirtschaft (ETSIAM)<\/option><option value=\"Fakult\u00e4t f\u00fcr Naturwissenschaften\">Fakult\u00e4t f\u00fcr Naturwissenschaften<\/option><option value=\"H\u00f6here Polytechnische Schule von Cordoba\">H\u00f6here Polytechnische Schule von Cordoba<\/option><\/select><\/span> <\/label>\n<\/p>\n<p><label> WhatsApp:<br \/>\n<span class=\"wpcf7-form-control-wrap\" data-name=\"WhatsApp\"><input size=\"40\" maxlength=\"400\" class=\"wpcf7-form-control wpcf7-text wpcf7-validates-as-required\" aria-required=\"true\" aria-invalid=\"false\" value=\"\" type=\"text\" name=\"WhatsApp\" \/><\/span> <\/label>\n<\/p>\n<p><label> Email:<br \/>\n<span class=\"wpcf7-form-control-wrap\" data-name=\"Email\"><input size=\"40\" maxlength=\"400\" class=\"wpcf7-form-control wpcf7-email wpcf7-validates-as-required wpcf7-text wpcf7-validates-as-email\" autocomplete=\"email\" aria-required=\"true\" aria-invalid=\"false\" value=\"\" type=\"email\" name=\"Email\" \/><\/span> <\/label>\n<\/p>\n<p><input class=\"wpcf7-form-control wpcf7-submit has-spinner\" type=\"submit\" value=\"SENDEN\" \/>\n<\/p><div class=\"wpcf7-response-output\" aria-hidden=\"true\"><\/div>\n<\/form>\n<\/div>\n[\/vc_column][\/vc_row]\n","protected":false},"excerpt":{"rendered":"<p>[vc_row type=\u00bbin_container\u00bb full_screen_row_position=\u00bbmiddle\u00bb column_margin=\u00bbnone\u00bb equal_height=\u00bbyes\u00bb content_placement=\u00bbtop\u00bb column_direction=\u00bbdefault\u00bb column_direction_tablet=\u00bbdefault\u00bb column_direction_phone=\u00bbdefault\u00bb scene_position=\u00bbcenter\u00bb top_padding=\u00bb4%\u00bb constrain_group_1=\u00bbyes\u00bb bottom_padding=\u00bb4%\u00bb text_color=\u00bbcustom\u00bb custom_text_color=\u00bb#000000&#8243; text_align=\u00bbleft\u00bb row_border_radius=\u00bbnone\u00bb row_border_radius_applies=\u00bbbg\u00bb overflow=\u00bbvisible\u00bb advanced_gradient_angle=\u00bb0&#8243; overlay_strength=\u00bb0.3&#8243; gradient_direction=\u00bbleft_to_right\u00bb shape_divider_position=\u00bbbottom\u00bb bg_image_animation=\u00bbnone\u00bb gradient_type=\u00bbdefault\u00bb shape_type=\u00bb\u00bb][vc_column column_padding=\u00bbpadding-4-percent\u00bb column_padding_tablet=\u00bbinherit\u00bb column_padding_phone=\u00bbinherit\u00bb column_padding_position=\u00bball\u00bb&#8230;<\/p>\n","protected":false},"author":2,"featured_media":0,"parent":0,"menu_order":0,"comment_status":"closed","ping_status":"closed","template":"","meta":{"inline_featured_image":false,"footnotes":""},"yoast_head":"<!-- This site is optimized with the Yoast SEO plugin v23.5 - https:\/\/yoast.com\/wordpress\/plugins\/seo\/ -->\n<title>Kontakt Erasmus Cordoba<\/title>\n<meta name=\"description\" content=\"Kontakt Erasmus Cordoba\" \/>\n<meta name=\"robots\" content=\"index, follow, max-snippet:-1, max-image-preview:large, max-video-preview:-1\" \/>\n<link rel=\"canonical\" href=\"https:\/\/erasmuscordoba.de\/kontakt-erasmus-cordoba\/\" \/>\n<meta property=\"og:locale\" content=\"es_ES\" \/>\n<meta property=\"og:type\" content=\"article\" \/>\n<meta property=\"og:title\" content=\"Kontakt Erasmus Cordoba\" \/>\n<meta property=\"og:description\" content=\"Kontakt Erasmus Cordoba\" \/>\n<meta property=\"og:url\" content=\"https:\/\/erasmuscordoba.de\/kontakt-erasmus-cordoba\/\" \/>\n<meta property=\"og:site_name\" content=\"Erasmus C\u00f3rdoba\" \/>\n<meta property=\"article:modified_time\" content=\"2023-09-26T11:33:36+00:00\" \/>\n<meta name=\"twitter:card\" content=\"summary_large_image\" \/>\n<meta name=\"twitter:label1\" content=\"Tiempo de lectura\" \/>\n\t<meta name=\"twitter:data1\" content=\"1 minuto\" \/>\n<script type=\"application\/ld+json\" class=\"yoast-schema-graph\">{\"@context\":\"https:\/\/schema.org\",\"@graph\":[{\"@type\":\"WebPage\",\"@id\":\"https:\/\/erasmuscordoba.de\/kontakt-erasmus-cordoba\/\",\"url\":\"https:\/\/erasmuscordoba.de\/kontakt-erasmus-cordoba\/\",\"name\":\"Kontakt Erasmus Cordoba\",\"isPartOf\":{\"@id\":\"https:\/\/erasmuscordoba.de\/#website\"},\"datePublished\":\"2023-07-25T11:30:42+00:00\",\"dateModified\":\"2023-09-26T11:33:36+00:00\",\"description\":\"Kontakt Erasmus Cordoba\",\"breadcrumb\":{\"@id\":\"https:\/\/erasmuscordoba.de\/kontakt-erasmus-cordoba\/#breadcrumb\"},\"inLanguage\":\"es\",\"potentialAction\":[{\"@type\":\"ReadAction\",\"target\":[\"https:\/\/erasmuscordoba.de\/kontakt-erasmus-cordoba\/\"]}]},{\"@type\":\"BreadcrumbList\",\"@id\":\"https:\/\/erasmuscordoba.de\/kontakt-erasmus-cordoba\/#breadcrumb\",\"itemListElement\":[{\"@type\":\"ListItem\",\"position\":1,\"name\":\"Portada\",\"item\":\"https:\/\/erasmuscordoba.de\/\"},{\"@type\":\"ListItem\",\"position\":2,\"name\":\"Kontakt\"}]},{\"@type\":\"WebSite\",\"@id\":\"https:\/\/erasmuscordoba.de\/#website\",\"url\":\"https:\/\/erasmuscordoba.de\/\",\"name\":\"Erasmus C\u00f3rdoba\",\"description\":\"Unterk\u00fcnfte f\u00fcr Studenten - Erasmus Cordoba\",\"potentialAction\":[{\"@type\":\"SearchAction\",\"target\":{\"@type\":\"EntryPoint\",\"urlTemplate\":\"https:\/\/erasmuscordoba.de\/?s={search_term_string}\"},\"query-input\":{\"@type\":\"PropertyValueSpecification\",\"valueRequired\":true,\"valueName\":\"search_term_string\"}}],\"inLanguage\":\"es\"}]}<\/script>\n<!-- \/ Yoast SEO plugin. -->","yoast_head_json":{"title":"Kontakt Erasmus Cordoba","description":"Kontakt Erasmus Cordoba","robots":{"index":"index","follow":"follow","max-snippet":"max-snippet:-1","max-image-preview":"max-image-preview:large","max-video-preview":"max-video-preview:-1"},"canonical":"https:\/\/erasmuscordoba.de\/kontakt-erasmus-cordoba\/","og_locale":"es_ES","og_type":"article","og_title":"Kontakt Erasmus Cordoba","og_description":"Kontakt Erasmus Cordoba","og_url":"https:\/\/erasmuscordoba.de\/kontakt-erasmus-cordoba\/","og_site_name":"Erasmus C\u00f3rdoba","article_modified_time":"2023-09-26T11:33:36+00:00","twitter_card":"summary_large_image","twitter_misc":{"Tiempo de lectura":"1 minuto"},"schema":{"@context":"https:\/\/schema.org","@graph":[{"@type":"WebPage","@id":"https:\/\/erasmuscordoba.de\/kontakt-erasmus-cordoba\/","url":"https:\/\/erasmuscordoba.de\/kontakt-erasmus-cordoba\/","name":"Kontakt Erasmus Cordoba","isPartOf":{"@id":"https:\/\/erasmuscordoba.de\/#website"},"datePublished":"2023-07-25T11:30:42+00:00","dateModified":"2023-09-26T11:33:36+00:00","description":"Kontakt Erasmus Cordoba","breadcrumb":{"@id":"https:\/\/erasmuscordoba.de\/kontakt-erasmus-cordoba\/#breadcrumb"},"inLanguage":"es","potentialAction":[{"@type":"ReadAction","target":["https:\/\/erasmuscordoba.de\/kontakt-erasmus-cordoba\/"]}]},{"@type":"BreadcrumbList","@id":"https:\/\/erasmuscordoba.de\/kontakt-erasmus-cordoba\/#breadcrumb","itemListElement":[{"@type":"ListItem","position":1,"name":"Portada","item":"https:\/\/erasmuscordoba.de\/"},{"@type":"ListItem","position":2,"name":"Kontakt"}]},{"@type":"WebSite","@id":"https:\/\/erasmuscordoba.de\/#website","url":"https:\/\/erasmuscordoba.de\/","name":"Erasmus C\u00f3rdoba","description":"Unterk\u00fcnfte f\u00fcr Studenten - Erasmus Cordoba","potentialAction":[{"@type":"SearchAction","target":{"@type":"EntryPoint","urlTemplate":"https:\/\/erasmuscordoba.de\/?s={search_term_string}"},"query-input":{"@type":"PropertyValueSpecification","valueRequired":true,"valueName":"search_term_string"}}],"inLanguage":"es"}]}},"_links":{"self":[{"href":"https:\/\/erasmuscordoba.de\/es\/wp-json\/wp\/v2\/pages\/13"}],"collection":[{"href":"https:\/\/erasmuscordoba.de\/es\/wp-json\/wp\/v2\/pages"}],"about":[{"href":"https:\/\/erasmuscordoba.de\/es\/wp-json\/wp\/v2\/types\/page"}],"author":[{"embeddable":true,"href":"https:\/\/erasmuscordoba.de\/es\/wp-json\/wp\/v2\/users\/2"}],"replies":[{"embeddable":true,"href":"https:\/\/erasmuscordoba.de\/es\/wp-json\/wp\/v2\/comments?post=13"}],"version-history":[{"count":9,"href":"https:\/\/erasmuscordoba.de\/es\/wp-json\/wp\/v2\/pages\/13\/revisions"}],"predecessor-version":[{"id":448,"href":"https:\/\/erasmuscordoba.de\/es\/wp-json\/wp\/v2\/pages\/13\/revisions\/448"}],"wp:attachment":[{"href":"https:\/\/erasmuscordoba.de\/es\/wp-json\/wp\/v2\/media?parent=13"}],"curies":[{"name":"wp","href":"https:\/\/api.w.org\/{rel}","templated":true}]}}