{"id":41,"date":"2023-07-25T13:57:17","date_gmt":"2023-07-25T11:57:17","guid":{"rendered":"https:\/\/erasmuscordoba.de\/?page_id=41"},"modified":"2023-09-26T13:34:38","modified_gmt":"2023-09-26T11:34:38","slug":"universitat-in-cordoba","status":"publish","type":"page","link":"https:\/\/erasmuscordoba.de\/es\/universitat-in-cordoba\/","title":{"rendered":"Erfahre alles \u00fcber die Universit\u00e4t in Cordoba"},"content":{"rendered":"[vc_row type=\u00bbin_container\u00bb full_screen_row_position=\u00bbmiddle\u00bb column_margin=\u00bb60px\u00bb column_direction=\u00bbdefault\u00bb column_direction_tablet=\u00bbdefault\u00bb column_direction_phone=\u00bbdefault\u00bb scene_position=\u00bbcenter\u00bb top_padding=\u00bb4%\u00bb constrain_group_1=\u00bbyes\u00bb bottom_padding=\u00bb4%\u00bb text_color=\u00bbdark\u00bb text_align=\u00bbleft\u00bb row_border_radius=\u00bbnone\u00bb row_border_radius_applies=\u00bbbg\u00bb overflow=\u00bbvisible\u00bb overlay_strength=\u00bb0.3&#8243; gradient_direction=\u00bbleft_to_right\u00bb shape_divider_position=\u00bbbottom\u00bb bg_image_animation=\u00bbnone\u00bb gradient_type=\u00bbdefault\u00bb shape_type=\u00bb\u00bb][vc_column column_padding=\u00bbno-extra-padding\u00bb column_padding_tablet=\u00bbinherit\u00bb column_padding_phone=\u00bbinherit\u00bb column_padding_position=\u00bball\u00bb column_element_direction_desktop=\u00bbdefault\u00bb column_element_spacing=\u00bbdefault\u00bb desktop_text_alignment=\u00bbdefault\u00bb tablet_text_alignment=\u00bbdefault\u00bb phone_text_alignment=\u00bbdefault\u00bb background_color_opacity=\u00bb1&#8243; background_hover_color_opacity=\u00bb1&#8243; column_backdrop_filter=\u00bbnone\u00bb column_shadow=\u00bbnone\u00bb column_border_radius=\u00bbnone\u00bb column_link_target=\u00bb_self\u00bb column_position=\u00bbdefault\u00bb gradient_direction=\u00bbleft_to_right\u00bb overlay_strength=\u00bb0.3&#8243; width=\u00bb2\/3&#8243; tablet_width_inherit=\u00bbdefault\u00bb animation_type=\u00bbdefault\u00bb bg_image_animation=\u00bbnone\u00bb border_type=\u00bbsimple\u00bb column_border_width=\u00bbnone\u00bb column_border_style=\u00bbsolid\u00bb][split_line_heading animation_type=\u00bbline-reveal-by-space\u00bb font_style=\u00bbh1&#8243; text_color=\u00bb#000000&#8243; line_reveal_by_space_text_effect=\u00bbdefault\u00bb content_alignment=\u00bbdefault\u00bb mobile_content_alignment=\u00bbinherit\u00bb link_target=\u00bb_self\u00bb text_content=\u00bbDIE UNIVERSIT\u00c4T IN CORDOBA F\u00dcR DEINEN ERASMUS AUFENTHALT\u00bb font_size=\u00bb22px\u00bb font_line_height=\u00bb24px\u00bb][\/split_line_heading][vc_column_text]Die Universit\u00e4t in Cordoba ist nicht so alt wie einige der spanischen Universit\u00e4ten. Sie wurde n\u00e4mlich 1972 gegr\u00fcndet, obwohl \u00a0sie die Nachfolgerin der Freien Universit\u00e4t in Cordoba ist, die Ende des 19. Jahrhunderts gegr\u00fcndet wurde und jahrhundertealten Studien, wie die f\u00fcr Tiermedizin \u2013 eine der prestigereichsten in Spanien und die einzige in Andalusien, beherbergt.<\/p>\n<p>Von Anfang an hat sie sich auf Naturwissenschaften und agronomische und forstwirtschaftliche Ingenieurwissenschaften \u00a0spezialisiert, wodurch sie ihr jetziges Prestige erlangt hat. Da es sich um eine so junge und mittelgro\u00ce\u00b2e Fakult\u00e4t handelt, ist es ihr leichter gefallen sich an die neuen erzieherischen Bed\u00fcrfnisse anzupassen und besitzt daher gro\u00ce\u00b2e R\u00e4ume f\u00fcr Forschung und Lehre mit einer gepr\u00fcften wissenschaftlichen Solvenz.[\/vc_column_text][image_with_animation image_url=\u00bb418&#8243; image_size=\u00bbfull\u00bb animation_type=\u00bbentrance\u00bb animation=\u00bbNone\u00bb animation_movement_type=\u00bbtransform_y\u00bb hover_animation=\u00bbnone\u00bb alignment=\u00bbcenter\u00bb border_radius=\u00bbnone\u00bb box_shadow=\u00bbnone\u00bb image_loading=\u00bbdefault\u00bb max_width=\u00bb100%\u00bb max_width_mobile=\u00bbdefault\u00bb][tabbed_section style=\u00bbdefault\u00bb tab_change_animation=\u00bbfade\u00bb alignment=\u00bbleft\u00bb spacing=\u00bbdefault\u00bb tab_color=\u00bbAccent-Color\u00bb vs_content_animation=\u00bbfade\u00bb vs_link_animation=\u00bbopacity\u00bb vs_navigation_alignment=\u00bbleft\u00bb vs_navigation_width_2=\u00bb25%\u00bb vs_navigation_func=\u00bbdefault\u00bb vs_navigation_width=\u00bbregular\u00bb vs_navigation_spacing=\u00bb15px\u00bb vs_navigation_mobile_display=\u00bbvisible\u00bb vs_tab_spacing=\u00bb5%\u00bb][tab icon_family=\u00bbnone\u00bb title=\u00bbForschung und Lehre\u00bb id=\u00bb1691059122694-0&#8243; tab_id=\u00bb1691059122695-10&#8243;][vc_column_text]Es ist, dank der wissenschaftlichen Spezilisierung in Bereichen wie Naturwissenschaft, Technik und Agrar- und Ern\u00e4hrungswissenschaften, eine der stabilsten Universti\u00e4ten des Landes[\/vc_column_text][\/tab][tab icon_family=\u00bbnone\u00bb title=\u00bbInternationaler Exzellenzcampus\u00bb id=\u00bb1691059179342-10&#8243; tab_id=\u00bb1691059179343-3&#8243;][vc_column_text]Die UCO ist Pionier Reines Exzellenzmodells, das far die globale Zukunft der Ern\u00e4hrung einzigartig ist[\/vc_column_text][\/tab][tab icon_family=\u00bbnone\u00bb title=\u00bbInternationaler Tutor\u00bb id=\u00bb1691059179773-8&#8243; tab_id=\u00bb1691059179774-9&#8243;][vc_column_text]Kurse oder F\u00e4cher ausw\u00e4hlen, Informationen dar\u00fcber erhalten, was man in der Stadt unternehmen kann,etc\u2026Auf Anfrage der Studenten bieten wir die M\u00f6glichkeit einen Konversationspartner zu erhalten, der dir dabei hilft dein Spanisch zu verbessern[\/vc_column_text][\/tab][\/tabbed_section][\/vc_column][vc_column column_padding=\u00bbno-extra-padding\u00bb column_padding_tablet=\u00bbinherit\u00bb column_padding_phone=\u00bbinherit\u00bb column_padding_position=\u00bball\u00bb column_element_direction_desktop=\u00bbdefault\u00bb column_element_spacing=\u00bbdefault\u00bb desktop_text_alignment=\u00bbdefault\u00bb tablet_text_alignment=\u00bbdefault\u00bb phone_text_alignment=\u00bbdefault\u00bb background_color_opacity=\u00bb1&#8243; background_hover_color_opacity=\u00bb1&#8243; column_backdrop_filter=\u00bbnone\u00bb column_shadow=\u00bbnone\u00bb column_border_radius=\u00bbnone\u00bb column_link_target=\u00bb_self\u00bb column_position=\u00bbdefault\u00bb gradient_direction=\u00bbleft_to_right\u00bb overlay_strength=\u00bb0.3&#8243; width=\u00bb1\/3&#8243; tablet_width_inherit=\u00bbdefault\u00bb animation_type=\u00bbdefault\u00bb bg_image_animation=\u00bbnone\u00bb border_type=\u00bbsimple\u00bb column_border_width=\u00bbnone\u00bb column_border_style=\u00bbsolid\u00bb][vc_widget_sidebar enable_sticky=\u00bbtrue\u00bb sidebar_id=\u00bbblog-sidebar\u00bb][\/vc_column][\/vc_row]\n","protected":false},"excerpt":{"rendered":"<p>[vc_row type=\u00bbin_container\u00bb full_screen_row_position=\u00bbmiddle\u00bb column_margin=\u00bb60px\u00bb column_direction=\u00bbdefault\u00bb column_direction_tablet=\u00bbdefault\u00bb column_direction_phone=\u00bbdefault\u00bb scene_position=\u00bbcenter\u00bb top_padding=\u00bb4%\u00bb constrain_group_1=\u00bbyes\u00bb bottom_padding=\u00bb4%\u00bb text_color=\u00bbdark\u00bb text_align=\u00bbleft\u00bb row_border_radius=\u00bbnone\u00bb row_border_radius_applies=\u00bbbg\u00bb overflow=\u00bbvisible\u00bb overlay_strength=\u00bb0.3&#8243; gradient_direction=\u00bbleft_to_right\u00bb shape_divider_position=\u00bbbottom\u00bb bg_image_animation=\u00bbnone\u00bb gradient_type=\u00bbdefault\u00bb shape_type=\u00bb\u00bb][vc_column column_padding=\u00bbno-extra-padding\u00bb column_padding_tablet=\u00bbinherit\u00bb column_padding_phone=\u00bbinherit\u00bb column_padding_position=\u00bball\u00bb column_element_direction_desktop=\u00bbdefault\u00bb column_element_spacing=\u00bbdefault\u00bb desktop_text_alignment=\u00bbdefault\u00bb tablet_text_alignment=\u00bbdefault\u00bb&#8230;<\/p>\n","protected":false},"author":2,"featured_media":0,"parent":0,"menu_order":0,"comment_status":"closed","ping_status":"closed","template":"","meta":{"inline_featured_image":false,"footnotes":""},"yoast_head":"<!-- This site is optimized with the Yoast SEO plugin v23.5 - https:\/\/yoast.com\/wordpress\/plugins\/seo\/ -->\n<title>Erfahre alles \u00fcber die Universit\u00e4t in Cordoba<\/title>\n<meta name=\"description\" content=\"Alle Informationen \u00fcber die Universit\u00e4t in Cordoba, die du f\u00fcr deinen Erasmus Aufenthalt brauchst\" \/>\n<meta name=\"robots\" content=\"index, follow, max-snippet:-1, max-image-preview:large, max-video-preview:-1\" \/>\n<link rel=\"canonical\" href=\"https:\/\/erasmuscordoba.de\/universitat-in-cordoba\/\" \/>\n<meta property=\"og:locale\" content=\"es_ES\" \/>\n<meta property=\"og:type\" content=\"article\" \/>\n<meta property=\"og:title\" content=\"Erfahre alles \u00fcber die Universit\u00e4t in Cordoba\" \/>\n<meta property=\"og:description\" content=\"Alle Informationen \u00fcber die Universit\u00e4t in Cordoba, die du f\u00fcr deinen Erasmus Aufenthalt brauchst\" \/>\n<meta property=\"og:url\" content=\"https:\/\/erasmuscordoba.de\/universitat-in-cordoba\/\" \/>\n<meta property=\"og:site_name\" content=\"Erasmus C\u00f3rdoba\" \/>\n<meta property=\"article:modified_time\" content=\"2023-09-26T11:34:38+00:00\" \/>\n<meta name=\"twitter:card\" content=\"summary_large_image\" \/>\n<meta name=\"twitter:label1\" content=\"Tiempo de lectura\" \/>\n\t<meta name=\"twitter:data1\" content=\"2 minutos\" \/>\n<script type=\"application\/ld+json\" class=\"yoast-schema-graph\">{\"@context\":\"https:\/\/schema.org\",\"@graph\":[{\"@type\":\"WebPage\",\"@id\":\"https:\/\/erasmuscordoba.de\/universitat-in-cordoba\/\",\"url\":\"https:\/\/erasmuscordoba.de\/universitat-in-cordoba\/\",\"name\":\"Erfahre alles \u00fcber die Universit\u00e4t in Cordoba\",\"isPartOf\":{\"@id\":\"https:\/\/erasmuscordoba.de\/#website\"},\"datePublished\":\"2023-07-25T11:57:17+00:00\",\"dateModified\":\"2023-09-26T11:34:38+00:00\",\"description\":\"Alle Informationen \u00fcber die Universit\u00e4t in Cordoba, die du f\u00fcr deinen Erasmus Aufenthalt brauchst\",\"breadcrumb\":{\"@id\":\"https:\/\/erasmuscordoba.de\/universitat-in-cordoba\/#breadcrumb\"},\"inLanguage\":\"es\",\"potentialAction\":[{\"@type\":\"ReadAction\",\"target\":[\"https:\/\/erasmuscordoba.de\/universitat-in-cordoba\/\"]}]},{\"@type\":\"BreadcrumbList\",\"@id\":\"https:\/\/erasmuscordoba.de\/universitat-in-cordoba\/#breadcrumb\",\"itemListElement\":[{\"@type\":\"ListItem\",\"position\":1,\"name\":\"Portada\",\"item\":\"https:\/\/erasmuscordoba.de\/\"},{\"@type\":\"ListItem\",\"position\":2,\"name\":\"Erfahre alles \u00fcber die Universit\u00e4t in Cordoba\"}]},{\"@type\":\"WebSite\",\"@id\":\"https:\/\/erasmuscordoba.de\/#website\",\"url\":\"https:\/\/erasmuscordoba.de\/\",\"name\":\"Erasmus C\u00f3rdoba\",\"description\":\"Unterk\u00fcnfte f\u00fcr Studenten - Erasmus Cordoba\",\"potentialAction\":[{\"@type\":\"SearchAction\",\"target\":{\"@type\":\"EntryPoint\",\"urlTemplate\":\"https:\/\/erasmuscordoba.de\/?s={search_term_string}\"},\"query-input\":{\"@type\":\"PropertyValueSpecification\",\"valueRequired\":true,\"valueName\":\"search_term_string\"}}],\"inLanguage\":\"es\"}]}<\/script>\n<!-- \/ Yoast SEO plugin. -->","yoast_head_json":{"title":"Erfahre alles \u00fcber die Universit\u00e4t in Cordoba","description":"Alle Informationen \u00fcber die Universit\u00e4t in Cordoba, die du f\u00fcr deinen Erasmus Aufenthalt brauchst","robots":{"index":"index","follow":"follow","max-snippet":"max-snippet:-1","max-image-preview":"max-image-preview:large","max-video-preview":"max-video-preview:-1"},"canonical":"https:\/\/erasmuscordoba.de\/universitat-in-cordoba\/","og_locale":"es_ES","og_type":"article","og_title":"Erfahre alles \u00fcber die Universit\u00e4t in Cordoba","og_description":"Alle Informationen \u00fcber die Universit\u00e4t in Cordoba, die du f\u00fcr deinen Erasmus Aufenthalt brauchst","og_url":"https:\/\/erasmuscordoba.de\/universitat-in-cordoba\/","og_site_name":"Erasmus C\u00f3rdoba","article_modified_time":"2023-09-26T11:34:38+00:00","twitter_card":"summary_large_image","twitter_misc":{"Tiempo de lectura":"2 minutos"},"schema":{"@context":"https:\/\/schema.org","@graph":[{"@type":"WebPage","@id":"https:\/\/erasmuscordoba.de\/universitat-in-cordoba\/","url":"https:\/\/erasmuscordoba.de\/universitat-in-cordoba\/","name":"Erfahre alles \u00fcber die Universit\u00e4t in Cordoba","isPartOf":{"@id":"https:\/\/erasmuscordoba.de\/#website"},"datePublished":"2023-07-25T11:57:17+00:00","dateModified":"2023-09-26T11:34:38+00:00","description":"Alle Informationen \u00fcber die Universit\u00e4t in Cordoba, die du f\u00fcr deinen Erasmus Aufenthalt brauchst","breadcrumb":{"@id":"https:\/\/erasmuscordoba.de\/universitat-in-cordoba\/#breadcrumb"},"inLanguage":"es","potentialAction":[{"@type":"ReadAction","target":["https:\/\/erasmuscordoba.de\/universitat-in-cordoba\/"]}]},{"@type":"BreadcrumbList","@id":"https:\/\/erasmuscordoba.de\/universitat-in-cordoba\/#breadcrumb","itemListElement":[{"@type":"ListItem","position":1,"name":"Portada","item":"https:\/\/erasmuscordoba.de\/"},{"@type":"ListItem","position":2,"name":"Erfahre alles \u00fcber die Universit\u00e4t in Cordoba"}]},{"@type":"WebSite","@id":"https:\/\/erasmuscordoba.de\/#website","url":"https:\/\/erasmuscordoba.de\/","name":"Erasmus C\u00f3rdoba","description":"Unterk\u00fcnfte f\u00fcr Studenten - Erasmus Cordoba","potentialAction":[{"@type":"SearchAction","target":{"@type":"EntryPoint","urlTemplate":"https:\/\/erasmuscordoba.de\/?s={search_term_string}"},"query-input":{"@type":"PropertyValueSpecification","valueRequired":true,"valueName":"search_term_string"}}],"inLanguage":"es"}]}},"_links":{"self":[{"href":"https:\/\/erasmuscordoba.de\/es\/wp-json\/wp\/v2\/pages\/41"}],"collection":[{"href":"https:\/\/erasmuscordoba.de\/es\/wp-json\/wp\/v2\/pages"}],"about":[{"href":"https:\/\/erasmuscordoba.de\/es\/wp-json\/wp\/v2\/types\/page"}],"author":[{"embeddable":true,"href":"https:\/\/erasmuscordoba.de\/es\/wp-json\/wp\/v2\/users\/2"}],"replies":[{"embeddable":true,"href":"https:\/\/erasmuscordoba.de\/es\/wp-json\/wp\/v2\/comments?post=41"}],"version-history":[{"count":4,"href":"https:\/\/erasmuscordoba.de\/es\/wp-json\/wp\/v2\/pages\/41\/revisions"}],"predecessor-version":[{"id":415,"href":"https:\/\/erasmuscordoba.de\/es\/wp-json\/wp\/v2\/pages\/41\/revisions\/415"}],"wp:attachment":[{"href":"https:\/\/erasmuscordoba.de\/es\/wp-json\/wp\/v2\/media?parent=41"}],"curies":[{"name":"wp","href":"https:\/\/api.w.org\/{rel}","templated":true}]}}