{"id":44,"date":"2023-07-25T14:03:40","date_gmt":"2023-07-25T12:03:40","guid":{"rendered":"https:\/\/erasmuscordoba.de\/?page_id=44"},"modified":"2023-09-26T13:27:40","modified_gmt":"2023-09-26T11:27:40","slug":"lerne-cordoba-erasmus-kennen","status":"publish","type":"page","link":"https:\/\/erasmuscordoba.de\/es\/lerne-cordoba-erasmus-kennen\/","title":{"rendered":"Dein Erasmus Aufenthalt &#8211; Lerne Cordoba kennen"},"content":{"rendered":"[vc_row type=\u00bbin_container\u00bb full_screen_row_position=\u00bbmiddle\u00bb column_margin=\u00bb60px\u00bb column_direction=\u00bbdefault\u00bb column_direction_tablet=\u00bbdefault\u00bb column_direction_phone=\u00bbdefault\u00bb scene_position=\u00bbcenter\u00bb top_padding=\u00bb4%\u00bb constrain_group_1=\u00bbyes\u00bb bottom_padding=\u00bb4%\u00bb text_color=\u00bbdark\u00bb text_align=\u00bbleft\u00bb row_border_radius=\u00bbnone\u00bb row_border_radius_applies=\u00bbbg\u00bb overflow=\u00bbvisible\u00bb overlay_strength=\u00bb0.3&#8243; gradient_direction=\u00bbleft_to_right\u00bb shape_divider_position=\u00bbbottom\u00bb bg_image_animation=\u00bbnone\u00bb gradient_type=\u00bbdefault\u00bb shape_type=\u00bb\u00bb][vc_column column_padding=\u00bbno-extra-padding\u00bb column_padding_tablet=\u00bbinherit\u00bb column_padding_phone=\u00bbinherit\u00bb column_padding_position=\u00bball\u00bb column_element_direction_desktop=\u00bbdefault\u00bb column_element_spacing=\u00bbdefault\u00bb desktop_text_alignment=\u00bbdefault\u00bb tablet_text_alignment=\u00bbdefault\u00bb phone_text_alignment=\u00bbdefault\u00bb background_color_opacity=\u00bb1&#8243; background_hover_color_opacity=\u00bb1&#8243; column_backdrop_filter=\u00bbnone\u00bb column_shadow=\u00bbnone\u00bb column_border_radius=\u00bbnone\u00bb column_link_target=\u00bb_self\u00bb column_position=\u00bbdefault\u00bb gradient_direction=\u00bbleft_to_right\u00bb overlay_strength=\u00bb0.3&#8243; width=\u00bb2\/3&#8243; tablet_width_inherit=\u00bbdefault\u00bb animation_type=\u00bbdefault\u00bb bg_image_animation=\u00bbnone\u00bb border_type=\u00bbsimple\u00bb column_border_width=\u00bbnone\u00bb column_border_style=\u00bbsolid\u00bb][vc_column_text]\n<p><strong>warum Cordoba als Ziel f\u00fcr deinen Erasmus Aufenthalt ausw\u00e4hlen?<\/strong><\/p>\n<p>Spanien ist eines der L\u00e4nder, das die meisten Erasmusstudenten aus der ganzen Europ\u00e4ischen Union aufnimmt\u2026 und sicherlich denkst du daran w\u00e4hrend deines Studiums Erasmus zu machen.. mehr als einmal hast du wahrscheinlich an Spanien als Zielland gedacht. Aber welcher Teil Spaniens? Abh\u00e4ngig von der geografischen Lage haben wir in Spanien sehr unterschiedliche klimatische Bedingungen und obwohl wir nicht sagen k\u00f6nnen an welchem Ort man am besten isst, ist Spanien international f\u00fcr seine Gastronomie bekannt. Diese ist au\u00ce\u00b2erdem je nach der Gegend, die du aussuchst, sehr unterschiedlich. Wir k\u00f6nnen nat\u00fcrlich nicht das vergessen, was wahrscheinlich den Ausschlag gibt, unsere Parties! Obwohl in ganz Spanien gefeiert wird, wirst du sie im S\u00fcden bestimmt mehr genie\u00ce\u00b2en. Aufgrund der Leute, der guten Stimmung und vor allem aufgrund des Klimas.<\/p>\n<p>&nbsp;<\/p>\n<p><strong>Wegen der Reisen<\/strong><\/p>\n<p>Die Reisen sind einer der Hauptgr\u00fcnde f\u00fcr einen Erasmusaufenthalt. Weit weg von zu Hause leben, mit dem Wissen, dass es nicht f\u00fcr immer dauern wird, sorgt daf\u00fcr, dass wir Lust bekommen zu reisen, neue L\u00e4nder kennenzulernen ohne jemandem Rechenschaft ablegen zu m\u00fcssen (Erasmus zu machen rechtfertigt jede Reise, ohne dass dir deine Eltern etwas vorwerfen k\u00f6nnen). Wir treten der Religion \u201cdas eine Jahr, das ich im Ausland verbringe, werde ich so sehr es geht genie\u00ce\u00b2en\u201d\u009d bei und Cordoba wird dabei dein Verb\u00fcndeter sein.<\/p>\n<p>Die N\u00e4he zu anderen Orten in Andalusien, zusammen mit der guten Verkehrsanbindung, erm\u00f6glicht die vielen Reisen. Mit dem AVE gelangst du in nur wenigen Stunden in den Norden, in die Hauptstadt, nach Portugal oder nach Valencia, Murcia, Barcelona und den ganzen Osten Spaniens. Falls du ein Abenteurer bist und weiter in den S\u00fcden reisen willst, kannst du mit der F\u00e4hre im Handumdrehen an die afrikanische K\u00fcste fahren.<\/p>\n<p>Au\u00ce\u00b2erdem gelangst du in einer Stunde mit dem AVE nach M\u00e1laga. Hier befindet sich einer der am besten angebundensten Flugh\u00e4fen in Spanien, damit du einen Abstecher nach ganz Europa machen kannst, wenn du Lust hast.<\/p>\n<p><strong>Wegen seiner Universit\u00e4t<\/strong><\/p>\n<p>Die Universit\u00e4t von Cordoba ist eine relativ neue Universit\u00e4t (sie wurde in den 70er Jahren gegr\u00fcndet), was sie nicht davon abh\u00e4lt eine der wichtigsten und am besten ausger\u00fcsteten in Spanien zu sein. Im Campus von Rabanales befinden sich die Fakult\u00e4ten f\u00fcr Tiermedizin (die prestigereichste auf nationaler Ebene), die Naturwissenschaften und die Fakult\u00e4ten f\u00fcr Agronomie, die einen Gro\u00ce\u00b2teil der wissenschaftlichen Produktion der Universit\u00e4t darstellen.<\/p>\n<p>Mehr als 600 ausl\u00e4ndische Studenten\u00a0w\u00e4hlen Cordoba als Ziel ihres Erasmusaufenthaltes aus, weswegen die Atmosph\u00e4re sehr international ist. Die Universit\u00e4t sieht sich im Stande sie aufzunehmen und bereitet Events und Feste vor um den ausl\u00e4ndischen Studenten im studentischen Bereich die Integration zu erleichtern. Au\u00ce\u00b2erdem bietet UCO Idiomas kostenlose Spanischkurse f\u00fcr Ausl\u00e4nder an, falls Spanisch noch nicht deine St\u00e4rke ist, damit ihr euch St\u00fcck f\u00fcr St\u00fcck verbessern k\u00f6nnt.[\/vc_column_text][image_with_animation image_url=\u00bb414&#8243; image_size=\u00bbfull\u00bb animation_type=\u00bbentrance\u00bb animation=\u00bbNone\u00bb animation_movement_type=\u00bbtransform_y\u00bb hover_animation=\u00bbnone\u00bb alignment=\u00bbcenter\u00bb border_radius=\u00bbnone\u00bb box_shadow=\u00bbnone\u00bb image_loading=\u00bbdefault\u00bb max_width=\u00bb100%\u00bb max_width_mobile=\u00bbdefault\u00bb][vc_column_text]<strong>Wegen seiner Lebensqualit\u00e4t<\/strong><\/p>\n<p>Es ist kein Geheimnis, dass die Erasmusstipendien nicht zu gro\u00ce\u00b2z\u00fcgig sind, daher ist es wichtig eine Stadt auzuw\u00e4hlen, in der Lebensstil zur ausgew\u00e4hlten Stadt proportional ist und in diesem Sinne ist Cordoba eines der besten Ziele innerhalb Spaniens. \u00a0Es ist eine nicht allzu gro\u00ce\u00b2e Stadt, weswegen du fast immer zu Fu\u00ce\u00b2 gehen kannst. Da die Stadt sehr eben ist, kannst du au\u00ce\u00b2erdem problemlos Fahrrad fahren, womit du dir das Geld f\u00fcr \u00f6ffentliche Verkehrsmittel sparen kannst. Andererseits sind die Miete, das Essen, das Weggehen, also insgesamt die Lebenshaltung, ziemlich g\u00fcnstig, so dass du mit 400\u20ac im Monat ohne Probleme leben kannst.[\/accordion][accordion title=\u00bbWegen seiner Leute\u00bb icon=\u00bbusers\u00bb]Da es sich um eine Kleinstadt im S\u00fcden mit einem so guten Klima handelt, wird es sehr leicht sein mit den lokalen Studenten zu interagieren, die normalerweise ziemlich offen sind. Im Stadtzentrum findet ihr Terrassen, die einen Treffpunkt f\u00fcr die cordobesischen Studenten darstellen, auf denen man ein Bierchen zusammen mit dem typischen Essen der Gegend trinken kann und die Atmosph\u00e4re der Stadt kennenlernen kann, wie die Bars in der Plaza Corredera. Au\u00ce\u00b2er w\u00e4hrend der Pr\u00fcfungszeit, werdet ihr dort Studenten treffen, die dort eine \u201cca\u00f1a\u201d trinken.[\/vc_column_text][image_with_animation image_url=\u00bb420&#8243; image_size=\u00bbfull\u00bb animation_type=\u00bbentrance\u00bb animation=\u00bbNone\u00bb animation_movement_type=\u00bbtransform_y\u00bb hover_animation=\u00bbnone\u00bb alignment=\u00bbcenter\u00bb border_radius=\u00bbnone\u00bb box_shadow=\u00bbnone\u00bb image_loading=\u00bbdefault\u00bb max_width=\u00bb100%\u00bb max_width_mobile=\u00bbdefault\u00bb][vc_column_text]<strong>Die perfekte Stadt f\u00fcr euren Erasmus Aufenthalt<\/strong><\/p>\n<p>Wenn du dich dann endlich f\u00fcr Cordoba entscheidest, wirst du eine Stadt mit einer reichen und gut erhaltenen Geschichte entdecken. Die Altstadt ist eine der gr\u00f6\u00ce\u00b2ten und sch\u00f6nsten in Europa und wurde von der UNESCO 1984 zum Weltkurlturerbe erkl\u00e4rt. Darin eingeschlossen sind die Moschee-Kathedrale, eine der wichtigsten Konstruktionen der islamischen Architektur in Spanien. Ein Spaziergang durch die Stadt der Kalifen, wird dazu f\u00fchren, dass du diese wundersch\u00f6ne stadt nie wieder verlassen willst.[\/vc_column_text][\/vc_column][vc_column column_padding=\u00bbno-extra-padding\u00bb column_padding_tablet=\u00bbinherit\u00bb column_padding_phone=\u00bbinherit\u00bb column_padding_position=\u00bball\u00bb column_element_direction_desktop=\u00bbdefault\u00bb column_element_spacing=\u00bbdefault\u00bb desktop_text_alignment=\u00bbdefault\u00bb tablet_text_alignment=\u00bbdefault\u00bb phone_text_alignment=\u00bbdefault\u00bb background_color_opacity=\u00bb1&#8243; background_hover_color_opacity=\u00bb1&#8243; column_backdrop_filter=\u00bbnone\u00bb column_shadow=\u00bbnone\u00bb column_border_radius=\u00bbnone\u00bb column_link_target=\u00bb_self\u00bb column_position=\u00bbdefault\u00bb gradient_direction=\u00bbleft_to_right\u00bb overlay_strength=\u00bb0.3&#8243; width=\u00bb1\/3&#8243; tablet_width_inherit=\u00bbdefault\u00bb animation_type=\u00bbdefault\u00bb bg_image_animation=\u00bbnone\u00bb border_type=\u00bbsimple\u00bb column_border_width=\u00bbnone\u00bb column_border_style=\u00bbsolid\u00bb][vc_widget_sidebar enable_sticky=\u00bbtrue\u00bb sidebar_id=\u00bbblog-sidebar\u00bb][\/vc_column][\/vc_row]\n","protected":false},"excerpt":{"rendered":"<p>[vc_row type=\u00bbin_container\u00bb full_screen_row_position=\u00bbmiddle\u00bb column_margin=\u00bb60px\u00bb column_direction=\u00bbdefault\u00bb column_direction_tablet=\u00bbdefault\u00bb column_direction_phone=\u00bbdefault\u00bb scene_position=\u00bbcenter\u00bb top_padding=\u00bb4%\u00bb constrain_group_1=\u00bbyes\u00bb bottom_padding=\u00bb4%\u00bb text_color=\u00bbdark\u00bb text_align=\u00bbleft\u00bb row_border_radius=\u00bbnone\u00bb row_border_radius_applies=\u00bbbg\u00bb overflow=\u00bbvisible\u00bb overlay_strength=\u00bb0.3&#8243; gradient_direction=\u00bbleft_to_right\u00bb shape_divider_position=\u00bbbottom\u00bb bg_image_animation=\u00bbnone\u00bb gradient_type=\u00bbdefault\u00bb shape_type=\u00bb\u00bb][vc_column column_padding=\u00bbno-extra-padding\u00bb column_padding_tablet=\u00bbinherit\u00bb column_padding_phone=\u00bbinherit\u00bb column_padding_position=\u00bball\u00bb column_element_direction_desktop=\u00bbdefault\u00bb column_element_spacing=\u00bbdefault\u00bb desktop_text_alignment=\u00bbdefault\u00bb tablet_text_alignment=\u00bbdefault\u00bb&#8230;<\/p>\n","protected":false},"author":2,"featured_media":0,"parent":0,"menu_order":0,"comment_status":"closed","ping_status":"closed","template":"","meta":{"inline_featured_image":false,"footnotes":""},"yoast_head":"<!-- This site is optimized with the Yoast SEO plugin v23.5 - https:\/\/yoast.com\/wordpress\/plugins\/seo\/ -->\n<title>Dein Erasmus Aufenthalt - Lerne Cordoba kennen<\/title>\n<meta name=\"description\" content=\"F\u00fcr deinen Erasmus Aufenthalt ist es wichtig die richtige Stadt auszuw\u00e4hlen. Wir erkl\u00e4ren dir, warum Cordoba die perfekte Stadt f\u00fcr dich ist.\" \/>\n<meta name=\"robots\" content=\"index, follow, max-snippet:-1, max-image-preview:large, max-video-preview:-1\" \/>\n<link rel=\"canonical\" href=\"https:\/\/erasmuscordoba.de\/lerne-cordoba-erasmus-kennen\/\" \/>\n<meta property=\"og:locale\" content=\"es_ES\" \/>\n<meta property=\"og:type\" content=\"article\" \/>\n<meta property=\"og:title\" content=\"Dein Erasmus Aufenthalt - Lerne Cordoba kennen\" \/>\n<meta property=\"og:description\" content=\"F\u00fcr deinen Erasmus Aufenthalt ist es wichtig die richtige Stadt auszuw\u00e4hlen. Wir erkl\u00e4ren dir, warum Cordoba die perfekte Stadt f\u00fcr dich ist.\" \/>\n<meta property=\"og:url\" content=\"https:\/\/erasmuscordoba.de\/lerne-cordoba-erasmus-kennen\/\" \/>\n<meta property=\"og:site_name\" content=\"Erasmus C\u00f3rdoba\" \/>\n<meta property=\"article:modified_time\" content=\"2023-09-26T11:27:40+00:00\" \/>\n<meta name=\"twitter:card\" content=\"summary_large_image\" \/>\n<meta name=\"twitter:label1\" content=\"Tiempo de lectura\" \/>\n\t<meta name=\"twitter:data1\" content=\"5 minutos\" \/>\n<script type=\"application\/ld+json\" class=\"yoast-schema-graph\">{\"@context\":\"https:\/\/schema.org\",\"@graph\":[{\"@type\":\"WebPage\",\"@id\":\"https:\/\/erasmuscordoba.de\/lerne-cordoba-erasmus-kennen\/\",\"url\":\"https:\/\/erasmuscordoba.de\/lerne-cordoba-erasmus-kennen\/\",\"name\":\"Dein Erasmus Aufenthalt - Lerne Cordoba kennen\",\"isPartOf\":{\"@id\":\"https:\/\/erasmuscordoba.de\/#website\"},\"datePublished\":\"2023-07-25T12:03:40+00:00\",\"dateModified\":\"2023-09-26T11:27:40+00:00\",\"description\":\"F\u00fcr deinen Erasmus Aufenthalt ist es wichtig die richtige Stadt auszuw\u00e4hlen. Wir erkl\u00e4ren dir, warum Cordoba die perfekte Stadt f\u00fcr dich ist.\",\"breadcrumb\":{\"@id\":\"https:\/\/erasmuscordoba.de\/lerne-cordoba-erasmus-kennen\/#breadcrumb\"},\"inLanguage\":\"es\",\"potentialAction\":[{\"@type\":\"ReadAction\",\"target\":[\"https:\/\/erasmuscordoba.de\/lerne-cordoba-erasmus-kennen\/\"]}]},{\"@type\":\"BreadcrumbList\",\"@id\":\"https:\/\/erasmuscordoba.de\/lerne-cordoba-erasmus-kennen\/#breadcrumb\",\"itemListElement\":[{\"@type\":\"ListItem\",\"position\":1,\"name\":\"Portada\",\"item\":\"https:\/\/erasmuscordoba.de\/\"},{\"@type\":\"ListItem\",\"position\":2,\"name\":\"Dein Erasmus Aufenthalt &#8211; Lerne Cordoba kennen\"}]},{\"@type\":\"WebSite\",\"@id\":\"https:\/\/erasmuscordoba.de\/#website\",\"url\":\"https:\/\/erasmuscordoba.de\/\",\"name\":\"Erasmus C\u00f3rdoba\",\"description\":\"Unterk\u00fcnfte f\u00fcr Studenten - Erasmus Cordoba\",\"potentialAction\":[{\"@type\":\"SearchAction\",\"target\":{\"@type\":\"EntryPoint\",\"urlTemplate\":\"https:\/\/erasmuscordoba.de\/?s={search_term_string}\"},\"query-input\":{\"@type\":\"PropertyValueSpecification\",\"valueRequired\":true,\"valueName\":\"search_term_string\"}}],\"inLanguage\":\"es\"}]}<\/script>\n<!-- \/ Yoast SEO plugin. -->","yoast_head_json":{"title":"Dein Erasmus Aufenthalt - Lerne Cordoba kennen","description":"F\u00fcr deinen Erasmus Aufenthalt ist es wichtig die richtige Stadt auszuw\u00e4hlen. Wir erkl\u00e4ren dir, warum Cordoba die perfekte Stadt f\u00fcr dich ist.","robots":{"index":"index","follow":"follow","max-snippet":"max-snippet:-1","max-image-preview":"max-image-preview:large","max-video-preview":"max-video-preview:-1"},"canonical":"https:\/\/erasmuscordoba.de\/lerne-cordoba-erasmus-kennen\/","og_locale":"es_ES","og_type":"article","og_title":"Dein Erasmus Aufenthalt - Lerne Cordoba kennen","og_description":"F\u00fcr deinen Erasmus Aufenthalt ist es wichtig die richtige Stadt auszuw\u00e4hlen. Wir erkl\u00e4ren dir, warum Cordoba die perfekte Stadt f\u00fcr dich ist.","og_url":"https:\/\/erasmuscordoba.de\/lerne-cordoba-erasmus-kennen\/","og_site_name":"Erasmus C\u00f3rdoba","article_modified_time":"2023-09-26T11:27:40+00:00","twitter_card":"summary_large_image","twitter_misc":{"Tiempo de lectura":"5 minutos"},"schema":{"@context":"https:\/\/schema.org","@graph":[{"@type":"WebPage","@id":"https:\/\/erasmuscordoba.de\/lerne-cordoba-erasmus-kennen\/","url":"https:\/\/erasmuscordoba.de\/lerne-cordoba-erasmus-kennen\/","name":"Dein Erasmus Aufenthalt - Lerne Cordoba kennen","isPartOf":{"@id":"https:\/\/erasmuscordoba.de\/#website"},"datePublished":"2023-07-25T12:03:40+00:00","dateModified":"2023-09-26T11:27:40+00:00","description":"F\u00fcr deinen Erasmus Aufenthalt ist es wichtig die richtige Stadt auszuw\u00e4hlen. Wir erkl\u00e4ren dir, warum Cordoba die perfekte Stadt f\u00fcr dich ist.","breadcrumb":{"@id":"https:\/\/erasmuscordoba.de\/lerne-cordoba-erasmus-kennen\/#breadcrumb"},"inLanguage":"es","potentialAction":[{"@type":"ReadAction","target":["https:\/\/erasmuscordoba.de\/lerne-cordoba-erasmus-kennen\/"]}]},{"@type":"BreadcrumbList","@id":"https:\/\/erasmuscordoba.de\/lerne-cordoba-erasmus-kennen\/#breadcrumb","itemListElement":[{"@type":"ListItem","position":1,"name":"Portada","item":"https:\/\/erasmuscordoba.de\/"},{"@type":"ListItem","position":2,"name":"Dein Erasmus Aufenthalt &#8211; Lerne Cordoba kennen"}]},{"@type":"WebSite","@id":"https:\/\/erasmuscordoba.de\/#website","url":"https:\/\/erasmuscordoba.de\/","name":"Erasmus C\u00f3rdoba","description":"Unterk\u00fcnfte f\u00fcr Studenten - Erasmus Cordoba","potentialAction":[{"@type":"SearchAction","target":{"@type":"EntryPoint","urlTemplate":"https:\/\/erasmuscordoba.de\/?s={search_term_string}"},"query-input":{"@type":"PropertyValueSpecification","valueRequired":true,"valueName":"search_term_string"}}],"inLanguage":"es"}]}},"_links":{"self":[{"href":"https:\/\/erasmuscordoba.de\/es\/wp-json\/wp\/v2\/pages\/44"}],"collection":[{"href":"https:\/\/erasmuscordoba.de\/es\/wp-json\/wp\/v2\/pages"}],"about":[{"href":"https:\/\/erasmuscordoba.de\/es\/wp-json\/wp\/v2\/types\/page"}],"author":[{"embeddable":true,"href":"https:\/\/erasmuscordoba.de\/es\/wp-json\/wp\/v2\/users\/2"}],"replies":[{"embeddable":true,"href":"https:\/\/erasmuscordoba.de\/es\/wp-json\/wp\/v2\/comments?post=44"}],"version-history":[{"count":4,"href":"https:\/\/erasmuscordoba.de\/es\/wp-json\/wp\/v2\/pages\/44\/revisions"}],"predecessor-version":[{"id":421,"href":"https:\/\/erasmuscordoba.de\/es\/wp-json\/wp\/v2\/pages\/44\/revisions\/421"}],"wp:attachment":[{"href":"https:\/\/erasmuscordoba.de\/es\/wp-json\/wp\/v2\/media?parent=44"}],"curies":[{"name":"wp","href":"https:\/\/api.w.org\/{rel}","templated":true}]}}